{"id":6254,"date":"2022-02-10T21:17:04","date_gmt":"2022-02-10T21:17:04","guid":{"rendered":"https:\/\/infomedika.com\/?page_id=6254"},"modified":"2024-06-26T19:27:55","modified_gmt":"2024-06-26T19:27:55","slug":"bridge","status":"publish","type":"page","link":"https:\/\/infomedika.com\/es\/bridge\/","title":{"rendered":"Bridge"},"content":{"rendered":"<div data-elementor-type=\"wp-page\" data-elementor-id=\"6254\" class=\"elementor elementor-6254\" data-elementor-post-type=\"page\">\n\t\t\t\t\t\t<section class=\"elementor-section elementor-top-section elementor-element elementor-element-2b07eef elementor-section-height-min-height elementor-section-content-bottom elementor-section-boxed elementor-section-height-default elementor-section-items-middle\" data-id=\"2b07eef\" data-element_type=\"section\" data-e-type=\"section\" data-settings=\"{&quot;background_background&quot;:&quot;gradient&quot;}\">\n\t\t\t\t\t\t\t<div class=\"elementor-background-overlay\"><\/div>\n\t\t\t\t\t\t\t<div class=\"elementor-container elementor-column-gap-default\">\n\t\t\t\t\t<div class=\"elementor-column elementor-col-100 elementor-top-column elementor-element elementor-element-777f2ce\" data-id=\"777f2ce\" data-element_type=\"column\" data-e-type=\"column\">\n\t\t\t<div class=\"elementor-widget-wrap elementor-element-populated\">\n\t\t\t\t\t\t<div class=\"elementor-element elementor-element-26c3960 elementor-widget elementor-widget-image\" data-id=\"26c3960\" data-element_type=\"widget\" data-e-type=\"widget\" data-widget_type=\"image.default\">\n\t\t\t\t<div class=\"elementor-widget-container\">\n\t\t\t\t\t\t\t\t\t\t\t\t\t\t\t<img decoding=\"async\" width=\"300\" height=\"87\" src=\"https:\/\/infomedika.com\/wp-content\/uploads\/2022\/02\/EHR-4-e1711413119158-300x87.png\" class=\"attachment-medium size-medium wp-image-6237\" alt=\"BRIDGE\" srcset=\"https:\/\/infomedika.com\/wp-content\/uploads\/2022\/02\/EHR-4-e1711413119158-300x87.png 300w, https:\/\/infomedika.com\/wp-content\/uploads\/2022\/02\/EHR-4-e1711413119158-1024x297.png 1024w, https:\/\/infomedika.com\/wp-content\/uploads\/2022\/02\/EHR-4-e1711413119158-768x223.png 768w, https:\/\/infomedika.com\/wp-content\/uploads\/2022\/02\/EHR-4-e1711413119158-1536x445.png 1536w, https:\/\/infomedika.com\/wp-content\/uploads\/2022\/02\/EHR-4-e1711413119158-2048x594.png 2048w, https:\/\/infomedika.com\/wp-content\/uploads\/2022\/02\/EHR-4-e1711413119158-570x165.png 570w, https:\/\/infomedika.com\/wp-content\/uploads\/2022\/02\/EHR-4-e1711413119158-270x78.png 270w, https:\/\/infomedika.com\/wp-content\/uploads\/2022\/02\/EHR-4-e1711413119158-18x5.png 18w\" sizes=\"(max-width: 300px) 100vw, 300px\" \/>\t\t\t\t\t\t\t\t\t\t\t\t\t\t\t<\/div>\n\t\t\t\t<\/div>\n\t\t\t\t\t<\/div>\n\t\t<\/div>\n\t\t\t\t\t<\/div>\n\t\t<\/section>\n\t\t\t\t<section class=\"elementor-section elementor-top-section elementor-element elementor-element-55c512c elementor-section-boxed elementor-section-height-default elementor-section-height-default\" data-id=\"55c512c\" data-element_type=\"section\" data-e-type=\"section\" data-settings=\"{&quot;background_background&quot;:&quot;classic&quot;}\">\n\t\t\t\t\t\t<div class=\"elementor-container elementor-column-gap-wider\">\n\t\t\t\t\t<div class=\"elementor-column elementor-col-50 elementor-top-column elementor-element elementor-element-5730087\" data-id=\"5730087\" data-element_type=\"column\" data-e-type=\"column\">\n\t\t\t<div class=\"elementor-widget-wrap elementor-element-populated\">\n\t\t\t\t\t\t<div class=\"elementor-element elementor-element-df90d1b elementor-invisible elementor-widget elementor-widget-image\" data-id=\"df90d1b\" data-element_type=\"widget\" data-e-type=\"widget\" data-settings=\"{&quot;_animation&quot;:&quot;fadeIn&quot;}\" data-widget_type=\"image.default\">\n\t\t\t\t<div class=\"elementor-widget-container\">\n\t\t\t\t\t\t\t\t\t\t\t\t\t\t\t<img fetchpriority=\"high\" decoding=\"async\" width=\"2560\" height=\"1707\" src=\"https:\/\/infomedika.com\/wp-content\/uploads\/2024\/02\/female-doctor-checking-tablet.webp\" class=\"attachment-full size-full wp-image-9612\" alt=\"female doctor checking tablet\" srcset=\"https:\/\/infomedika.com\/wp-content\/uploads\/2024\/02\/female-doctor-checking-tablet.webp 2560w, https:\/\/infomedika.com\/wp-content\/uploads\/2024\/02\/female-doctor-checking-tablet-300x200.webp 300w, https:\/\/infomedika.com\/wp-content\/uploads\/2024\/02\/female-doctor-checking-tablet-1024x683.webp 1024w, https:\/\/infomedika.com\/wp-content\/uploads\/2024\/02\/female-doctor-checking-tablet-768x512.webp 768w, https:\/\/infomedika.com\/wp-content\/uploads\/2024\/02\/female-doctor-checking-tablet-1536x1024.webp 1536w, https:\/\/infomedika.com\/wp-content\/uploads\/2024\/02\/female-doctor-checking-tablet-2048x1366.webp 2048w, https:\/\/infomedika.com\/wp-content\/uploads\/2024\/02\/female-doctor-checking-tablet-18x12.webp 18w, https:\/\/infomedika.com\/wp-content\/uploads\/2024\/02\/female-doctor-checking-tablet-495x330.webp 495w, https:\/\/infomedika.com\/wp-content\/uploads\/2024\/02\/female-doctor-checking-tablet-270x180.webp 270w\" sizes=\"(max-width: 2560px) 100vw, 2560px\" \/>\t\t\t\t\t\t\t\t\t\t\t\t\t\t\t<\/div>\n\t\t\t\t<\/div>\n\t\t\t\t<div class=\"elementor-element elementor-element-09007d0 elementor-widget__width-initial elementor-absolute elementor-hidden-phone elementor-invisible elementor-widget elementor-widget-image\" data-id=\"09007d0\" data-element_type=\"widget\" data-e-type=\"widget\" data-settings=\"{&quot;_animation&quot;:&quot;fadeIn&quot;,&quot;_animation_delay&quot;:600,&quot;_position&quot;:&quot;absolute&quot;}\" data-widget_type=\"image.default\">\n\t\t\t\t<div class=\"elementor-widget-container\">\n\t\t\t\t\t\t\t\t\t\t\t\t\t\t\t<img decoding=\"async\" width=\"1920\" height=\"1080\" src=\"https:\/\/infomedika.com\/wp-content\/uploads\/2024\/02\/doctors-talking.webp\" class=\"attachment-full size-full wp-image-9611\" alt=\"doctors talking\" srcset=\"https:\/\/infomedika.com\/wp-content\/uploads\/2024\/02\/doctors-talking.webp 1920w, https:\/\/infomedika.com\/wp-content\/uploads\/2024\/02\/doctors-talking-300x169.webp 300w, https:\/\/infomedika.com\/wp-content\/uploads\/2024\/02\/doctors-talking-1024x576.webp 1024w, https:\/\/infomedika.com\/wp-content\/uploads\/2024\/02\/doctors-talking-768x432.webp 768w, https:\/\/infomedika.com\/wp-content\/uploads\/2024\/02\/doctors-talking-1536x864.webp 1536w, https:\/\/infomedika.com\/wp-content\/uploads\/2024\/02\/doctors-talking-18x10.webp 18w, https:\/\/infomedika.com\/wp-content\/uploads\/2024\/02\/doctors-talking-570x321.webp 570w, https:\/\/infomedika.com\/wp-content\/uploads\/2024\/02\/doctors-talking-270x152.webp 270w\" sizes=\"(max-width: 1920px) 100vw, 1920px\" \/>\t\t\t\t\t\t\t\t\t\t\t\t\t\t\t<\/div>\n\t\t\t\t<\/div>\n\t\t\t\t\t<\/div>\n\t\t<\/div>\n\t\t\t\t<div class=\"elementor-column elementor-col-50 elementor-top-column elementor-element elementor-element-ed3ede7\" data-id=\"ed3ede7\" data-element_type=\"column\" data-e-type=\"column\">\n\t\t\t<div class=\"elementor-widget-wrap elementor-element-populated\">\n\t\t\t\t\t\t<div class=\"elementor-element elementor-element-3ae9e7b elementor-widget-divider--view-line_text elementor-widget-divider--element-align-left elementor-widget elementor-widget-divider\" data-id=\"3ae9e7b\" data-element_type=\"widget\" data-e-type=\"widget\" data-widget_type=\"divider.default\">\n\t\t\t\t<div class=\"elementor-widget-container\">\n\t\t\t\t\t\t\t<div class=\"elementor-divider\">\n\t\t\t<span class=\"elementor-divider-separator\">\n\t\t\t\t\t\t\t<span class=\"elementor-divider__text elementor-divider__element\">\n\t\t\t\tProductos\t\t\t\t<\/span>\n\t\t\t\t\t\t<\/span>\n\t\t<\/div>\n\t\t\t\t\t\t<\/div>\n\t\t\t\t<\/div>\n\t\t\t\t<div class=\"elementor-element elementor-element-f36b8a4 elementor-invisible elementor-widget elementor-widget-heading\" data-id=\"f36b8a4\" data-element_type=\"widget\" data-e-type=\"widget\" data-settings=\"{&quot;_animation&quot;:&quot;fadeInUp&quot;,&quot;_animation_delay&quot;:300}\" data-widget_type=\"heading.default\">\n\t\t\t\t<div class=\"elementor-widget-container\">\n\t\t\t\t\t<h1 class=\"elementor-heading-title elementor-size-default\">Bridge<\/h1>\t\t\t\t<\/div>\n\t\t\t\t<\/div>\n\t\t\t\t<div class=\"elementor-element elementor-element-8d20148 elementor-widget elementor-widget-text-editor\" data-id=\"8d20148\" data-element_type=\"widget\" data-e-type=\"widget\" data-widget_type=\"text-editor.default\">\n\t\t\t\t<div class=\"elementor-widget-container\">\n\t\t\t\t\t\t\t\t\t<p>El portal para pacientes Bridge es un sitio web seguro en l\u00ednea que ofrece a los pacientes acceso conveniente a su informaci\u00f3n m\u00e9dica personal las 24 horas del d\u00eda, desde cualquier lugar con conexi\u00f3n a internet. Con un nombre de usuario y contrase\u00f1a seguros, sus pacientes pueden ver y gestionar su informaci\u00f3n de salud.<\/p><p>Los portales para pacientes mejoran la forma en que estos interact\u00faan con los proveedores de atenci\u00f3n m\u00e9dica. Bridge es un producto que cumple con los requisitos de Uso Significativo, un mandato federal que exige brindar a los pacientes acceso oportuno a su informaci\u00f3n m\u00e9dica, permiti\u00e9ndoles participar activamente en su propio cuidado de la salud.<\/p><p>Bridge es un portal para pacientes privado, seguro y protegido que cuenta con s\u00f3lidas garant\u00edas de privacidad y seguridad para proteger la informaci\u00f3n m\u00e9dica protegida (PHI). Alojado en una conexi\u00f3n segura y accesible mediante un inicio de sesi\u00f3n cifrado y protegido con contrase\u00f1a, est\u00e1 integrado en nuestro EHR Evolution.<\/p>\t\t\t\t\t\t\t\t<\/div>\n\t\t\t\t<\/div>\n\t\t\t\t\t<\/div>\n\t\t<\/div>\n\t\t\t\t\t<\/div>\n\t\t<\/section>\n\t\t<div class=\"elementor-element elementor-element-97ccc7e e-flex e-con-boxed e-con e-parent\" data-id=\"97ccc7e\" data-element_type=\"container\" data-e-type=\"container\">\n\t\t\t\t\t<div class=\"e-con-inner\">\n\t\t\t\t<div class=\"elementor-element elementor-element-3df4b3a elementor-widget__width-initial elementor-widget-mobile__width-inherit elementor-widget elementor-widget-heading\" data-id=\"3df4b3a\" data-element_type=\"widget\" data-e-type=\"widget\" data-widget_type=\"heading.default\">\n\t\t\t\t<div class=\"elementor-widget-container\">\n\t\t\t\t\t<h3 class=\"elementor-heading-title elementor-size-default\">Infomedika ha establecido una alianza con Bridge que garantiza la integraci\u00f3n transparente con el sistema de portal informativo para pacientes. <\/h3>\t\t\t\t<\/div>\n\t\t\t\t<\/div>\n\t\t\t\t\t<\/div>\n\t\t\t\t<\/div>\n\t\t\t\t<\/div>","protected":false},"excerpt":{"rendered":"<p>Products Bridge patient portal is a secure online website that gives patients convenient 24-hour access to personal health information from anywhere with an Internet connection. Using a secure username and password, your patients can view their health information. Patient portals improve the way in which patients and health care providers interact. Bridge is a product [&hellip;]<\/p>\n","protected":false},"author":1,"featured_media":0,"parent":0,"menu_order":0,"comment_status":"closed","ping_status":"closed","template":"elementor_header_footer","meta":{"footnotes":""},"class_list":["post-6254","page","type-page","status-publish","hentry"],"yoast_head":"<!-- This site is optimized with the Yoast SEO plugin v27.6 - https:\/\/yoast.com\/product\/yoast-seo-wordpress\/ -->\n<title>Bridge - Infomedika<\/title>\n<meta name=\"robots\" content=\"index, follow, max-snippet:-1, max-image-preview:large, max-video-preview:-1\" \/>\n<link rel=\"canonical\" href=\"https:\/\/infomedika.com\/es\/bridge\/\" \/>\n<meta property=\"og:locale\" content=\"es_ES\" \/>\n<meta property=\"og:type\" content=\"article\" \/>\n<meta property=\"og:title\" content=\"Bridge - Infomedika\" \/>\n<meta property=\"og:description\" content=\"Products Bridge patient portal is a secure online website that gives patients convenient 24-hour access to personal health information from anywhere with an Internet connection. Using a secure username and password, your patients can view their health information. Patient portals improve the way in which patients and health care providers interact. Bridge is a product [&hellip;]\" \/>\n<meta property=\"og:url\" content=\"https:\/\/infomedika.com\/es\/bridge\/\" \/>\n<meta property=\"og:site_name\" content=\"Infomedika\" \/>\n<meta property=\"article:publisher\" content=\"https:\/\/www.facebook.com\/infomedika\" \/>\n<meta property=\"article:modified_time\" content=\"2024-06-26T19:27:55+00:00\" \/>\n<meta property=\"og:image\" content=\"https:\/\/infomedika.com\/wp-content\/uploads\/2022\/02\/EHR-4-e1711413119158.png\" \/>\n\t<meta property=\"og:image:width\" content=\"4501\" \/>\n\t<meta property=\"og:image:height\" content=\"1305\" \/>\n\t<meta property=\"og:image:type\" content=\"image\/png\" \/>\n<meta name=\"twitter:card\" content=\"summary_large_image\" \/>\n<meta name=\"twitter:label1\" content=\"Est. reading time\" \/>\n\t<meta name=\"twitter:data1\" content=\"1 minuto\" \/>\n<script type=\"application\/ld+json\" class=\"yoast-schema-graph\">{\"@context\":\"https:\\\/\\\/schema.org\",\"@graph\":[{\"@type\":\"WebPage\",\"@id\":\"https:\\\/\\\/infomedika.com\\\/bridge\\\/\",\"url\":\"https:\\\/\\\/infomedika.com\\\/bridge\\\/\",\"name\":\"Bridge - Infomedika\",\"isPartOf\":{\"@id\":\"https:\\\/\\\/infomedika.com\\\/#website\"},\"primaryImageOfPage\":{\"@id\":\"https:\\\/\\\/infomedika.com\\\/bridge\\\/#primaryimage\"},\"image\":{\"@id\":\"https:\\\/\\\/infomedika.com\\\/bridge\\\/#primaryimage\"},\"thumbnailUrl\":\"https:\\\/\\\/infomedika.com\\\/wp-content\\\/uploads\\\/2022\\\/02\\\/EHR-4-e1711413119158-300x87.png\",\"datePublished\":\"2022-02-10T21:17:04+00:00\",\"dateModified\":\"2024-06-26T19:27:55+00:00\",\"breadcrumb\":{\"@id\":\"https:\\\/\\\/infomedika.com\\\/bridge\\\/#breadcrumb\"},\"inLanguage\":\"es\",\"potentialAction\":[{\"@type\":\"ReadAction\",\"target\":[\"https:\\\/\\\/infomedika.com\\\/bridge\\\/\"]}]},{\"@type\":\"ImageObject\",\"inLanguage\":\"es\",\"@id\":\"https:\\\/\\\/infomedika.com\\\/bridge\\\/#primaryimage\",\"url\":\"https:\\\/\\\/infomedika.com\\\/wp-content\\\/uploads\\\/2022\\\/02\\\/EHR-4-e1711413119158-300x87.png\",\"contentUrl\":\"https:\\\/\\\/infomedika.com\\\/wp-content\\\/uploads\\\/2022\\\/02\\\/EHR-4-e1711413119158-300x87.png\"},{\"@type\":\"BreadcrumbList\",\"@id\":\"https:\\\/\\\/infomedika.com\\\/bridge\\\/#breadcrumb\",\"itemListElement\":[{\"@type\":\"ListItem\",\"position\":1,\"name\":\"Home\",\"item\":\"https:\\\/\\\/infomedika.com\\\/\"},{\"@type\":\"ListItem\",\"position\":2,\"name\":\"Bridge\"}]},{\"@type\":\"WebSite\",\"@id\":\"https:\\\/\\\/infomedika.com\\\/#website\",\"url\":\"https:\\\/\\\/infomedika.com\\\/\",\"name\":\"Infomedika\",\"description\":\"We are committed to provide and maintain the healthcare industry at the forefront of information technologies in areas such as services, finance, and administration.\",\"publisher\":{\"@id\":\"https:\\\/\\\/infomedika.com\\\/#organization\"},\"potentialAction\":[{\"@type\":\"SearchAction\",\"target\":{\"@type\":\"EntryPoint\",\"urlTemplate\":\"https:\\\/\\\/infomedika.com\\\/?s={search_term_string}\"},\"query-input\":{\"@type\":\"PropertyValueSpecification\",\"valueRequired\":true,\"valueName\":\"search_term_string\"}}],\"inLanguage\":\"es\"},{\"@type\":\"Organization\",\"@id\":\"https:\\\/\\\/infomedika.com\\\/#organization\",\"name\":\"Infomedika\",\"url\":\"https:\\\/\\\/infomedika.com\\\/\",\"logo\":{\"@type\":\"ImageObject\",\"inLanguage\":\"es\",\"@id\":\"https:\\\/\\\/infomedika.com\\\/#\\\/schema\\\/logo\\\/image\\\/\",\"url\":\"https:\\\/\\\/infomedika.com\\\/wp-content\\\/uploads\\\/2022\\\/03\\\/logos_infomedika_Mesa-de-trabajo-1.png\",\"contentUrl\":\"https:\\\/\\\/infomedika.com\\\/wp-content\\\/uploads\\\/2022\\\/03\\\/logos_infomedika_Mesa-de-trabajo-1.png\",\"width\":4500,\"height\":1125,\"caption\":\"Infomedika\"},\"image\":{\"@id\":\"https:\\\/\\\/infomedika.com\\\/#\\\/schema\\\/logo\\\/image\\\/\"},\"sameAs\":[\"https:\\\/\\\/www.facebook.com\\\/infomedika\",\"https:\\\/\\\/www.instagram.com\\\/infomedikainc\\\/\",\"https:\\\/\\\/www.linkedin.com\\\/company\\\/infomedika-inc\\\/\"]}]}<\/script>\n<!-- \/ Yoast SEO plugin. -->","yoast_head_json":{"title":"Bridge - Infomedika","robots":{"index":"index","follow":"follow","max-snippet":"max-snippet:-1","max-image-preview":"max-image-preview:large","max-video-preview":"max-video-preview:-1"},"canonical":"https:\/\/infomedika.com\/es\/bridge\/","og_locale":"es_ES","og_type":"article","og_title":"Bridge - Infomedika","og_description":"Products Bridge patient portal is a secure online website that gives patients convenient 24-hour access to personal health information from anywhere with an Internet connection. Using a secure username and password, your patients can view their health information. Patient portals improve the way in which patients and health care providers interact. Bridge is a product [&hellip;]","og_url":"https:\/\/infomedika.com\/es\/bridge\/","og_site_name":"Infomedika","article_publisher":"https:\/\/www.facebook.com\/infomedika","article_modified_time":"2024-06-26T19:27:55+00:00","og_image":[{"width":4501,"height":1305,"url":"https:\/\/infomedika.com\/wp-content\/uploads\/2022\/02\/EHR-4-e1711413119158.png","type":"image\/png"}],"twitter_card":"summary_large_image","twitter_misc":{"Est. reading time":"1 minuto"},"schema":{"@context":"https:\/\/schema.org","@graph":[{"@type":"WebPage","@id":"https:\/\/infomedika.com\/bridge\/","url":"https:\/\/infomedika.com\/bridge\/","name":"Bridge - Infomedika","isPartOf":{"@id":"https:\/\/infomedika.com\/#website"},"primaryImageOfPage":{"@id":"https:\/\/infomedika.com\/bridge\/#primaryimage"},"image":{"@id":"https:\/\/infomedika.com\/bridge\/#primaryimage"},"thumbnailUrl":"https:\/\/infomedika.com\/wp-content\/uploads\/2022\/02\/EHR-4-e1711413119158-300x87.png","datePublished":"2022-02-10T21:17:04+00:00","dateModified":"2024-06-26T19:27:55+00:00","breadcrumb":{"@id":"https:\/\/infomedika.com\/bridge\/#breadcrumb"},"inLanguage":"es","potentialAction":[{"@type":"ReadAction","target":["https:\/\/infomedika.com\/bridge\/"]}]},{"@type":"ImageObject","inLanguage":"es","@id":"https:\/\/infomedika.com\/bridge\/#primaryimage","url":"https:\/\/infomedika.com\/wp-content\/uploads\/2022\/02\/EHR-4-e1711413119158-300x87.png","contentUrl":"https:\/\/infomedika.com\/wp-content\/uploads\/2022\/02\/EHR-4-e1711413119158-300x87.png"},{"@type":"BreadcrumbList","@id":"https:\/\/infomedika.com\/bridge\/#breadcrumb","itemListElement":[{"@type":"ListItem","position":1,"name":"Home","item":"https:\/\/infomedika.com\/"},{"@type":"ListItem","position":2,"name":"Bridge"}]},{"@type":"WebSite","@id":"https:\/\/infomedika.com\/#website","url":"https:\/\/infomedika.com\/","name":"Infomedika","description":"We are committed to provide and maintain the healthcare industry at the forefront of information technologies in areas such as services, finance, and administration.","publisher":{"@id":"https:\/\/infomedika.com\/#organization"},"potentialAction":[{"@type":"SearchAction","target":{"@type":"EntryPoint","urlTemplate":"https:\/\/infomedika.com\/?s={search_term_string}"},"query-input":{"@type":"PropertyValueSpecification","valueRequired":true,"valueName":"search_term_string"}}],"inLanguage":"es"},{"@type":"Organization","@id":"https:\/\/infomedika.com\/#organization","name":"Infomedika","url":"https:\/\/infomedika.com\/","logo":{"@type":"ImageObject","inLanguage":"es","@id":"https:\/\/infomedika.com\/#\/schema\/logo\/image\/","url":"https:\/\/infomedika.com\/wp-content\/uploads\/2022\/03\/logos_infomedika_Mesa-de-trabajo-1.png","contentUrl":"https:\/\/infomedika.com\/wp-content\/uploads\/2022\/03\/logos_infomedika_Mesa-de-trabajo-1.png","width":4500,"height":1125,"caption":"Infomedika"},"image":{"@id":"https:\/\/infomedika.com\/#\/schema\/logo\/image\/"},"sameAs":["https:\/\/www.facebook.com\/infomedika","https:\/\/www.instagram.com\/infomedikainc\/","https:\/\/www.linkedin.com\/company\/infomedika-inc\/"]}]}},"_links":{"self":[{"href":"https:\/\/infomedika.com\/es\/wp-json\/wp\/v2\/pages\/6254","targetHints":{"allow":["GET"]}}],"collection":[{"href":"https:\/\/infomedika.com\/es\/wp-json\/wp\/v2\/pages"}],"about":[{"href":"https:\/\/infomedika.com\/es\/wp-json\/wp\/v2\/types\/page"}],"author":[{"embeddable":true,"href":"https:\/\/infomedika.com\/es\/wp-json\/wp\/v2\/users\/1"}],"replies":[{"embeddable":true,"href":"https:\/\/infomedika.com\/es\/wp-json\/wp\/v2\/comments?post=6254"}],"version-history":[{"count":4,"href":"https:\/\/infomedika.com\/es\/wp-json\/wp\/v2\/pages\/6254\/revisions"}],"predecessor-version":[{"id":11233,"href":"https:\/\/infomedika.com\/es\/wp-json\/wp\/v2\/pages\/6254\/revisions\/11233"}],"wp:attachment":[{"href":"https:\/\/infomedika.com\/es\/wp-json\/wp\/v2\/media?parent=6254"}],"curies":[{"name":"wp","href":"https:\/\/api.w.org\/{rel}","templated":true}]}}